{"id":619,"date":"2020-06-14T20:11:33","date_gmt":"2020-06-14T20:11:33","guid":{"rendered":"https:\/\/uppercrust.events\/fmcg\/?post_type=product&#038;p=619"},"modified":"2020-06-14T20:11:33","modified_gmt":"2020-06-14T20:11:33","slug":"plum-fruit-juice","status":"publish","type":"product","link":"https:\/\/uppercrust.events\/fmcg\/product\/plum-fruit-juice\/","title":{"rendered":"Plum Fruit Juice"},"content":{"rendered":"<table class=\"greenClr\" border=\"0\" cellspacing=\"0\" cellpadding=\"0\">\n<tbody>\n<tr class=\"t-head\">\n<th colspan=\"2\"><b>Nutrition Facts per 100 ml<\/b><\/th>\n<\/tr>\n<tr class=\"t-head2\">\n<th colspan=\"2\">(Approximate Values)<\/th>\n<\/tr>\n<tr>\n<th>Energy<\/th>\n<td>60 Kcal<\/td>\n<\/tr>\n<tr>\n<th>Protein<\/th>\n<td>0 g<\/td>\n<\/tr>\n<tr>\n<th>Carbohydrates<\/th>\n<td>15 g<\/td>\n<\/tr>\n<tr>\n<th>Fat<\/th>\n<td>0 g<\/td>\n<\/tr>\n<tr>\n<th>Sodium<\/th>\n<td>6.5 mg<\/td>\n<\/tr>\n<tr>\n<th>Potassium<\/th>\n<td>30 mg<\/td>\n<\/tr>\n<tr>\n<th>Iron<\/th>\n<td>0.1 mg<\/td>\n<\/tr>\n<tr>\n<th>Natural Fruit Sugars<\/th>\n<td>2.35 g<\/td>\n<\/tr>\n<tr>\n<th>Added Sugar<\/th>\n<td>12.5 g<\/td>\n<\/tr>\n<\/tbody>\n<\/table>\n","protected":false},"excerpt":{"rendered":"<p>R\u00e9al Fruit Power Plum is the newest addition in the R\u00e9al Fruit Power family. We bring to you the best plums in form of plum juice. R\u00e9al Fruit Power Plumis made from the most succulent, delicious plums which remind you of the fruit itself. Real Fruit Power Plum, launched in 2012, is the first-ever plum fruit beverage in India. The juice consists of the pristine and surreal taste of plums which are delicately plucked from the finest orchards from all over the world.<\/p>\n","protected":false},"featured_media":623,"comment_status":"open","ping_status":"closed","template":"","meta":[],"product_brand":[],"product_cat":[122],"product_tag":[],"class_list":{"0":"post-619","1":"product","2":"type-product","3":"status-publish","4":"has-post-thumbnail","6":"pwb-brand-real","7":"product_cat-fruit-juices","8":"blog_entry clearfix","10":"first","11":"instock","12":"shipping-taxable","13":"product-type-simple"},"brands":[{"id":121,"name":"Real","slug":"real"}],"_links":{"self":[{"href":"https:\/\/uppercrust.events\/fmcg\/wp-json\/wp\/v2\/product\/619","targetHints":{"allow":["GET"]}}],"collection":[{"href":"https:\/\/uppercrust.events\/fmcg\/wp-json\/wp\/v2\/product"}],"about":[{"href":"https:\/\/uppercrust.events\/fmcg\/wp-json\/wp\/v2\/types\/product"}],"replies":[{"embeddable":true,"href":"https:\/\/uppercrust.events\/fmcg\/wp-json\/wp\/v2\/comments?post=619"}],"wp:featuredmedia":[{"embeddable":true,"href":"https:\/\/uppercrust.events\/fmcg\/wp-json\/wp\/v2\/media\/623"}],"wp:attachment":[{"href":"https:\/\/uppercrust.events\/fmcg\/wp-json\/wp\/v2\/media?parent=619"}],"wp:term":[{"taxonomy":"product_brand","embeddable":true,"href":"https:\/\/uppercrust.events\/fmcg\/wp-json\/wp\/v2\/product_brand?post=619"},{"taxonomy":"product_cat","embeddable":true,"href":"https:\/\/uppercrust.events\/fmcg\/wp-json\/wp\/v2\/product_cat?post=619"},{"taxonomy":"product_tag","embeddable":true,"href":"https:\/\/uppercrust.events\/fmcg\/wp-json\/wp\/v2\/product_tag?post=619"}],"curies":[{"name":"wp","href":"https:\/\/api.w.org\/{rel}","templated":true}]}}